{"id":282,"date":"2025-01-31T07:35:06","date_gmt":"2025-01-31T06:35:06","guid":{"rendered":"https:\/\/barbut.site\/accesibilidad\/"},"modified":"2025-02-05T14:03:50","modified_gmt":"2025-02-05T13:03:50","slug":"accesibilidad","status":"publish","type":"page","link":"https:\/\/barbut.es\/es\/accesibilidad\/","title":{"rendered":"Accesibilidad"},"content":{"rendered":"\t\t<div data-elementor-type=\"wp-page\" data-elementor-id=\"282\" class=\"elementor elementor-282 elementor-160\" data-elementor-post-type=\"page\">\n\t\t\t\t<div class=\"elementor-element elementor-element-e805cc4 e-flex e-con-boxed e-con e-parent\" data-id=\"e805cc4\" data-element_type=\"container\" data-settings=\"{&quot;background_background&quot;:&quot;classic&quot;}\">\n\t\t\t\t\t<div class=\"e-con-inner\">\n\t\t<div class=\"elementor-element elementor-element-d875f2c e-con-full e-flex e-con e-child\" data-id=\"d875f2c\" data-element_type=\"container\">\n\t\t\t\t<div class=\"elementor-element elementor-element-ed7211a elementor-widget elementor-widget-heading\" data-id=\"ed7211a\" data-element_type=\"widget\" data-widget_type=\"heading.default\">\n\t\t\t\t<div class=\"elementor-widget-container\">\n\t\t\t\t\t<h2 class=\"elementor-heading-title elementor-size-default\">Accesibilidad<\/h2>\t\t\t\t<\/div>\n\t\t\t\t<\/div>\n\t\t\t\t<\/div>\n\t\t<div class=\"elementor-element elementor-element-3590b39 e-con-full e-flex e-con e-child\" data-id=\"3590b39\" data-element_type=\"container\">\n\t\t\t\t<div class=\"elementor-element elementor-element-60f329b elementor-widget elementor-widget-text-editor\" data-id=\"60f329b\" data-element_type=\"widget\" data-widget_type=\"text-editor.default\">\n\t\t\t\t<div class=\"elementor-widget-container\">\n\t\t\t\t\t\t\t\t\t<p><strong>Gracias por visitar el sitio web de ORIOL FABREGAS CARNE (BAR BUT).<\/strong> Nos esforzamos por hacer que nuestro sitio sea accesible para todos los usuarios, independientemente de sus habilidades o discapacidades. Nos comprometemos a cumplir con las pautas de accesibilidad y brindar una experiencia en l\u00ednea inclusiva para todos nuestros visitantes. A continuaci\u00f3n, encontrar\u00e1s informaci\u00f3n importante sobre la accesibilidad de nuestro sitio web.<\/p><p><strong style=\"text-align: var(--text-align); background-color: var( --e-global-color-primary );\">COMPROMISO CON LA ACCESIBILIDAD<\/strong><\/p>\n<p>En BAR BUT, nos tomamos muy en serio la accesibilidad y nos esforzamos por mejorar continuamente nuestro sitio web para que sea accesible para todos los usuarios. Estamos comprometidos a cumplir con los est\u00e1ndares de accesibilidad aplicables y seguir las pautas establecidas en el Web Content Accessibility Guidelines (WCAG) 2.1.<\/p>\n<p><strong>ACCIONES REALIZADAS PARA MEJORAR LA ACCESIBILIDAD<\/strong><\/p>\n<p>Hemos implementado una serie de medidas para garantizar la accesibilidad de nuestro sitio web, que incluyen, entre otras:<\/p>\n<ul>\n<li>Uso de t\u00e9cnicas y est\u00e1ndares de desarrollo web que promueven la accesibilidad.<\/li>\n<li>Proporcionar un contraste adecuado entre el texto y el fondo para facilitar la lectura.<\/li>\n<li>Estructuraci\u00f3n adecuada del contenido con encabezados jer\u00e1rquicos y etiquetas sem\u00e1nticas.<\/li>\n<li>Ofrecer una navegaci\u00f3n clara y consistente en todo el sitio web.<\/li>\n<li>Proporcionar transcripciones y subt\u00edtulos para el contenido de audio y video, cuando sea posible.<\/li>\n<li>Facilitar el uso de tecnolog\u00edas de asistencia y herramientas de navegaci\u00f3n.<\/li>\n<\/ul>\n<p><strong><br><\/strong><\/p>\n<p><strong>MEJORAS FUTURAS<\/strong><\/p>\n<p>Reconocemos que la accesibilidad es un objetivo en constante evoluci\u00f3n, y estamos comprometidos a continuar mejorando la accesibilidad de nuestro sitio web. Estamos en proceso de realizar auditor\u00edas peri\u00f3dicas, pruebas y evaluaciones de accesibilidad para identificar y abordar cualquier problema que pueda surgir.<\/p>\n<p><strong>COMENTARIOS Y CONTACTO<\/strong><\/p>\n<p>Si tienes dificultades para acceder a alguna parte de nuestro sitio web o tienes comentarios, preguntas o sugerencias relacionadas con la accesibilidad, te animamos a que nos contactes. Valoramos tus comentarios y nos esforzaremos por proporcionar la asistencia necesaria y mejorar la accesibilidad en la medida de lo posible.<\/p>\n<p>Puedes comunicarte con nosotros a trav\u00e9s de los siguientes medios:<\/p>\n<ul>\n<li>Direcci\u00f3n de correo electr\u00f3nico: <a rel=\"noopener\">info@barbut.es<\/a><\/li>\n<li>Numero de contacto: 933 607 128<\/li>\n<\/ul>\n<p><strong><br><\/strong><\/p>\n<p><strong>ACTUALIZACI\u00d3N DE LA POL\u00cdTICA DE ACCESIBILIDAD<\/strong><\/p>\n<p>Esta pol\u00edtica de accesibilidad se revisa regularmente y puede actualizarse de vez en cuando. Cualquier cambio importante en esta pol\u00edtica se comunicar\u00e1 mediante una notificaci\u00f3n en nuestro sitio web.<\/p>\t\t\t\t\t\t\t\t<\/div>\n\t\t\t\t<\/div>\n\t\t\t\t<\/div>\n\t\t\t\t\t<\/div>\n\t\t\t\t<\/div>\n\t\t\t\t<\/div>\n\t\t","protected":false},"excerpt":{"rendered":"<p>Accesibilidad Gracias por visitar el sitio web de ORIOL FABREGAS CARNE (BAR BUT). Nos esforzamos por hacer que nuestro sitio sea accesible para todos los usuarios, independientemente de sus habilidades o discapacidades. Nos comprometemos a cumplir con las pautas de accesibilidad y brindar una experiencia en l\u00ednea inclusiva para todos nuestros visitantes. A continuaci\u00f3n, encontrar\u00e1s [&hellip;]<\/p>\n","protected":false},"author":1,"featured_media":0,"parent":0,"menu_order":12,"comment_status":"closed","ping_status":"closed","template":"","meta":{"footnotes":""},"class_list":["post-282","page","type-page","status-publish","hentry"],"yoast_head":"<!-- This site is optimized with the Yoast SEO plugin v24.4 - https:\/\/yoast.com\/wordpress\/plugins\/seo\/ -->\n<title>Accesibilidad - Bar But<\/title>\n<meta name=\"robots\" content=\"index, follow, max-snippet:-1, max-image-preview:large, max-video-preview:-1\" \/>\n<link rel=\"canonical\" href=\"https:\/\/barbut.es\/es\/accesibilidad\/\" \/>\n<meta property=\"og:locale\" content=\"es_ES\" \/>\n<meta property=\"og:type\" content=\"article\" \/>\n<meta property=\"og:title\" content=\"Accesibilidad - Bar But\" \/>\n<meta property=\"og:description\" content=\"Accesibilidad Gracias por visitar el sitio web de ORIOL FABREGAS CARNE (BAR BUT). Nos esforzamos por hacer que nuestro sitio sea accesible para todos los usuarios, independientemente de sus habilidades o discapacidades. Nos comprometemos a cumplir con las pautas de accesibilidad y brindar una experiencia en l\u00ednea inclusiva para todos nuestros visitantes. A continuaci\u00f3n, encontrar\u00e1s [&hellip;]\" \/>\n<meta property=\"og:url\" content=\"https:\/\/barbut.es\/es\/accesibilidad\/\" \/>\n<meta property=\"og:site_name\" content=\"Bar But\" \/>\n<meta property=\"article:modified_time\" content=\"2025-02-05T13:03:50+00:00\" \/>\n<meta name=\"twitter:card\" content=\"summary_large_image\" \/>\n<meta name=\"twitter:label1\" content=\"Tiempo de lectura\" \/>\n\t<meta name=\"twitter:data1\" content=\"2 minutos\" \/>\n<script type=\"application\/ld+json\" class=\"yoast-schema-graph\">{\"@context\":\"https:\/\/schema.org\",\"@graph\":[{\"@type\":\"WebPage\",\"@id\":\"https:\/\/barbut.es\/es\/accesibilidad\/\",\"url\":\"https:\/\/barbut.es\/es\/accesibilidad\/\",\"name\":\"Accesibilidad - Bar But\",\"isPartOf\":{\"@id\":\"https:\/\/barbut.es\/#website\"},\"datePublished\":\"2025-01-31T06:35:06+00:00\",\"dateModified\":\"2025-02-05T13:03:50+00:00\",\"breadcrumb\":{\"@id\":\"https:\/\/barbut.es\/es\/accesibilidad\/#breadcrumb\"},\"inLanguage\":\"es\",\"potentialAction\":[{\"@type\":\"ReadAction\",\"target\":[\"https:\/\/barbut.es\/es\/accesibilidad\/\"]}]},{\"@type\":\"BreadcrumbList\",\"@id\":\"https:\/\/barbut.es\/es\/accesibilidad\/#breadcrumb\",\"itemListElement\":[{\"@type\":\"ListItem\",\"position\":1,\"name\":\"Portada\",\"item\":\"https:\/\/barbut.es\/es\/\"},{\"@type\":\"ListItem\",\"position\":2,\"name\":\"Accesibilidad\"}]},{\"@type\":\"WebSite\",\"@id\":\"https:\/\/barbut.es\/#website\",\"url\":\"https:\/\/barbut.es\/\",\"name\":\"Bar But\",\"description\":\"\",\"publisher\":{\"@id\":\"https:\/\/barbut.es\/#organization\"},\"potentialAction\":[{\"@type\":\"SearchAction\",\"target\":{\"@type\":\"EntryPoint\",\"urlTemplate\":\"https:\/\/barbut.es\/?s={search_term_string}\"},\"query-input\":{\"@type\":\"PropertyValueSpecification\",\"valueRequired\":true,\"valueName\":\"search_term_string\"}}],\"inLanguage\":\"es\"},{\"@type\":\"Organization\",\"@id\":\"https:\/\/barbut.es\/#organization\",\"name\":\"Bar But\",\"url\":\"https:\/\/barbut.es\/\",\"logo\":{\"@type\":\"ImageObject\",\"inLanguage\":\"es\",\"@id\":\"https:\/\/barbut.es\/#\/schema\/logo\/image\/\",\"url\":\"https:\/\/barbut.es\/wp-content\/uploads\/2025\/01\/cropped-LOGO-8cm-vectoritzat.png\",\"contentUrl\":\"https:\/\/barbut.es\/wp-content\/uploads\/2025\/01\/cropped-LOGO-8cm-vectoritzat.png\",\"width\":1705,\"height\":636,\"caption\":\"Bar But\"},\"image\":{\"@id\":\"https:\/\/barbut.es\/#\/schema\/logo\/image\/\"}}]}<\/script>\n<!-- \/ Yoast SEO plugin. -->","yoast_head_json":{"title":"Accesibilidad - Bar But","robots":{"index":"index","follow":"follow","max-snippet":"max-snippet:-1","max-image-preview":"max-image-preview:large","max-video-preview":"max-video-preview:-1"},"canonical":"https:\/\/barbut.es\/es\/accesibilidad\/","og_locale":"es_ES","og_type":"article","og_title":"Accesibilidad - Bar But","og_description":"Accesibilidad Gracias por visitar el sitio web de ORIOL FABREGAS CARNE (BAR BUT). Nos esforzamos por hacer que nuestro sitio sea accesible para todos los usuarios, independientemente de sus habilidades o discapacidades. Nos comprometemos a cumplir con las pautas de accesibilidad y brindar una experiencia en l\u00ednea inclusiva para todos nuestros visitantes. A continuaci\u00f3n, encontrar\u00e1s [&hellip;]","og_url":"https:\/\/barbut.es\/es\/accesibilidad\/","og_site_name":"Bar But","article_modified_time":"2025-02-05T13:03:50+00:00","twitter_card":"summary_large_image","twitter_misc":{"Tiempo de lectura":"2 minutos"},"schema":{"@context":"https:\/\/schema.org","@graph":[{"@type":"WebPage","@id":"https:\/\/barbut.es\/es\/accesibilidad\/","url":"https:\/\/barbut.es\/es\/accesibilidad\/","name":"Accesibilidad - Bar But","isPartOf":{"@id":"https:\/\/barbut.es\/#website"},"datePublished":"2025-01-31T06:35:06+00:00","dateModified":"2025-02-05T13:03:50+00:00","breadcrumb":{"@id":"https:\/\/barbut.es\/es\/accesibilidad\/#breadcrumb"},"inLanguage":"es","potentialAction":[{"@type":"ReadAction","target":["https:\/\/barbut.es\/es\/accesibilidad\/"]}]},{"@type":"BreadcrumbList","@id":"https:\/\/barbut.es\/es\/accesibilidad\/#breadcrumb","itemListElement":[{"@type":"ListItem","position":1,"name":"Portada","item":"https:\/\/barbut.es\/es\/"},{"@type":"ListItem","position":2,"name":"Accesibilidad"}]},{"@type":"WebSite","@id":"https:\/\/barbut.es\/#website","url":"https:\/\/barbut.es\/","name":"Bar But","description":"","publisher":{"@id":"https:\/\/barbut.es\/#organization"},"potentialAction":[{"@type":"SearchAction","target":{"@type":"EntryPoint","urlTemplate":"https:\/\/barbut.es\/?s={search_term_string}"},"query-input":{"@type":"PropertyValueSpecification","valueRequired":true,"valueName":"search_term_string"}}],"inLanguage":"es"},{"@type":"Organization","@id":"https:\/\/barbut.es\/#organization","name":"Bar But","url":"https:\/\/barbut.es\/","logo":{"@type":"ImageObject","inLanguage":"es","@id":"https:\/\/barbut.es\/#\/schema\/logo\/image\/","url":"https:\/\/barbut.es\/wp-content\/uploads\/2025\/01\/cropped-LOGO-8cm-vectoritzat.png","contentUrl":"https:\/\/barbut.es\/wp-content\/uploads\/2025\/01\/cropped-LOGO-8cm-vectoritzat.png","width":1705,"height":636,"caption":"Bar But"},"image":{"@id":"https:\/\/barbut.es\/#\/schema\/logo\/image\/"}}]}},"_links":{"self":[{"href":"https:\/\/barbut.es\/es\/wp-json\/wp\/v2\/pages\/282","targetHints":{"allow":["GET"]}}],"collection":[{"href":"https:\/\/barbut.es\/es\/wp-json\/wp\/v2\/pages"}],"about":[{"href":"https:\/\/barbut.es\/es\/wp-json\/wp\/v2\/types\/page"}],"author":[{"embeddable":true,"href":"https:\/\/barbut.es\/es\/wp-json\/wp\/v2\/users\/1"}],"replies":[{"embeddable":true,"href":"https:\/\/barbut.es\/es\/wp-json\/wp\/v2\/comments?post=282"}],"version-history":[{"count":1,"href":"https:\/\/barbut.es\/es\/wp-json\/wp\/v2\/pages\/282\/revisions"}],"predecessor-version":[{"id":283,"href":"https:\/\/barbut.es\/es\/wp-json\/wp\/v2\/pages\/282\/revisions\/283"}],"wp:attachment":[{"href":"https:\/\/barbut.es\/es\/wp-json\/wp\/v2\/media?parent=282"}],"curies":[{"name":"wp","href":"https:\/\/api.w.org\/{rel}","templated":true}]}}