{"id":422,"date":"2025-01-30T22:34:52","date_gmt":"2025-01-30T21:34:52","guid":{"rendered":"https:\/\/barbut.site\/politica-de-privacidad\/"},"modified":"2025-02-05T14:03:00","modified_gmt":"2025-02-05T13:03:00","slug":"politica-de-privacidad","status":"publish","type":"page","link":"https:\/\/barbut.es\/es\/politica-de-privacidad\/","title":{"rendered":"Pol\u00edtica de Privacidad"},"content":{"rendered":"\t\t<div data-elementor-type=\"wp-page\" data-elementor-id=\"422\" class=\"elementor elementor-422 elementor-3\" data-elementor-post-type=\"page\">\n\t\t\t\t<div class=\"elementor-element elementor-element-4d9a5c9 e-flex e-con-boxed e-con e-parent\" data-id=\"4d9a5c9\" data-element_type=\"container\" data-settings=\"{&quot;background_background&quot;:&quot;classic&quot;}\">\n\t\t\t\t\t<div class=\"e-con-inner\">\n\t\t<div class=\"elementor-element elementor-element-236120c e-con-full e-flex e-con e-child\" data-id=\"236120c\" data-element_type=\"container\">\n\t\t\t\t<div class=\"elementor-element elementor-element-0d927ec elementor-widget elementor-widget-heading\" data-id=\"0d927ec\" data-element_type=\"widget\" data-widget_type=\"heading.default\">\n\t\t\t\t<div class=\"elementor-widget-container\">\n\t\t\t\t\t<h2 class=\"elementor-heading-title elementor-size-default\">Privacidad<\/h2>\t\t\t\t<\/div>\n\t\t\t\t<\/div>\n\t\t\t\t<\/div>\n\t\t<div class=\"elementor-element elementor-element-593bd6e e-con-full e-flex e-con e-child\" data-id=\"593bd6e\" data-element_type=\"container\">\n\t\t\t\t<div class=\"elementor-element elementor-element-96c05f2 elementor-widget elementor-widget-text-editor\" data-id=\"96c05f2\" data-element_type=\"widget\" data-widget_type=\"text-editor.default\">\n\t\t\t\t<div class=\"elementor-widget-container\">\n\t\t\t\t\t\t\t\t\t<p><strong>Qui\u00e9nes somos<\/strong><\/p>\n<p>Texto sugerido: Nuestra direcci\u00f3n web es: <a href=\"https:\/\/barbut.es\/es\/\" target=\"_new\" rel=\"noopener\">https:\/\/barbut.es<\/a> .<\/p>\n<p><strong>Comentarios<\/strong><\/p>\n<p>Texto sugerido: Cuando los visitantes dejan comentarios en el sitio web, recogemos los datos mostrados en el formulario de comentarios, as\u00ed como la direcci\u00f3n IP del visitante y la cadena del agente de usuario del navegador para ayudar a la detecci\u00f3n de spam (spam).<\/p>\n<p>Se puede proporcionar una cadena anonimizada creada a partir de tu direcci\u00f3n de correo electr\u00f3nico (tambi\u00e9n llamada hash) en el servicio Gravatar para ver si la utilizas. La pol\u00edtica de privacidad del servicio Gravatar est\u00e1 disponible aqu\u00ed: <a href=\"https:\/\/automattic.com\/privacy\/\" target=\"_new\" rel=\"noopener\">https:\/\/automattic.com\/privacy\/<\/a> . Una vez aprobado tu comentario, su imagen de perfil ser\u00e1 visible para el p\u00fablico en el contexto de tu comentario.<\/p>\n<p><strong>Medios<\/strong><\/p>\n<p>Texto sugerido: Si subes im\u00e1genes al sitio web, deber\u00edas evitar subir im\u00e1genes con datos de localizaci\u00f3n incrustados (EXIF GPS). Los visitantes del sitio web pueden descargar y extraer cualquier dato de localizaci\u00f3n de las im\u00e1genes del sitio web.<\/p>\n<p><strong>Cookies<\/strong><\/p>\n<p>Texto sugerido: Si dejas un comentario en nuestro sitio, puedes optar por guardar tu nombre, direcci\u00f3n de correo electr\u00f3nico y sitio web en cookies. \u00c9stas son para tu comodidad, de modo que no tengas que rellenar tus datos de nuevo cuando dejes otro comentario. Estas cookies durar\u00e1n un a\u00f1o.<\/p>\n<p>Si visitas nuestra p\u00e1gina de inicio de sesi\u00f3n, estableceremos una cookie temporal para determinar si su navegador acepta cookies. Esta cookie no contiene datos personales y se descarta cuando cierras el navegador.<\/p>\n<p>Cuando inicies sesi\u00f3n, tambi\u00e9n estableceremos varias cookies para guardar tu informaci\u00f3n de inicio de sesi\u00f3n y tus preferencias de visualizaci\u00f3n de pantalla. Las cookies de inicio de sesi\u00f3n duran dos d\u00edas y las cookies de las opciones de pantalla duran un a\u00f1o. Si seleccionas \u00abRecuerdame\u00bb, tu sesi\u00f3n persistir\u00e1 durante dos semanas. Si cierras sesi\u00f3n de tu cuenta, las cookies de inicio de sesi\u00f3n ser\u00e1n eliminadas.<\/p>\n<p>Si edites o publiques un art\u00edculo, se guardar\u00e1 una cookie adicional en tu navegador. Esta cookie no contiene datos personales y simplemente indica el ID del art\u00edculo que acabas de editar. Expira despu\u00e9s de 1 d\u00eda.<\/p>\n<p><strong>Contenido incrustado de otros sitios web<\/strong><\/p>\n<p>Texto sugerido: Los art\u00edculos de este sitio pueden incluir contenido incrustado (por ejemplo, v\u00eddeos, im\u00e1genes, art\u00edculos, etc.). El contenido incrustado de otros sitios web se comporta exactamente igual que si el visitante hubiera visitado el otro sitio web.<\/p>\n<p>Estos sitios web pueden recoger datos sobre ti, utilizar cookies, incrustar seguimiento de terceros y monitorizar tu interacci\u00f3n con ese contenido incrustado, incluido el seguimiento de tu interacci\u00f3n con el contenido incrustado si tienes una cuenta y est\u00e1s conectado a ese sitio web.<\/p>\n<p><strong>Con quien compartimos tus datos<\/strong><\/p>\n<p>Texto sugerido: Si solicitas un restablecimiento de contrase\u00f1a, tu direcci\u00f3n IP ser\u00e1 incluida en el email de restablecimiento.<\/p>\n<p><strong>\u00bfCu\u00e1nto tiempo conservamos tus datos<\/strong><\/p>\n<p>Texto sugerido: Si dejas un comentario, el comentario y sus metadatos se conservan indefinidamente. Esto se debe a que podamos reconocer y aprobar autom\u00e1ticamente cualquier comentario de seguimiento en lugar de mantenerlos en una cola de moderaci\u00f3n.<\/p>\n<p>Para los usuarios que se registren en nuestro sitio web (si existen), tambi\u00e9n guardamos la informaci\u00f3n personal que proporcionan a su perfil de usuario. Todos los usuarios pueden ver, editar o suprimir su informaci\u00f3n personal en cualquier momento (salvo que no pueden cambiar su nombre de usuario). Los administradores del sitio web tambi\u00e9n pueden ver y editar esta informaci\u00f3n.<\/p>\n<p><strong>Qu\u00e9 derechos tienes sobre tus datos<\/strong><\/p>\n<p>Texto sugerido: Si tienes una cuenta en este sitio, o has dejado comentarios, puedes solicitar recibir un archivo exportado de los datos personales que tenemos sobre ti, incluidos los datos que nos has proporcionado. Tambi\u00e9n puedes solicitar que borremos cualquier dato personal que tengamos sobre ti. Esto no incluye los datos que estamos obligados a conservar por razones administrativas, legales o de seguridad.<\/p>\n<p><strong>Donde se env\u00edan tus datos<\/strong><\/p>\n<p>Texto sugerido: Los comentarios de los visitantes pueden ser comprobados mediante un servicio automatizado de detecci\u00f3n de spam.<\/p>\t\t\t\t\t\t\t\t<\/div>\n\t\t\t\t<\/div>\n\t\t\t\t<\/div>\n\t\t\t\t\t<\/div>\n\t\t\t\t<\/div>\n\t\t\t\t<\/div>\n\t\t","protected":false},"excerpt":{"rendered":"<p>Privacidad Qui\u00e9nes somos Texto sugerido: Nuestra direcci\u00f3n web es: https:\/\/barbut.es . Comentarios Texto sugerido: Cuando los visitantes dejan comentarios en el sitio web, recogemos los datos mostrados en el formulario de comentarios, as\u00ed como la direcci\u00f3n IP del visitante y la cadena del agente de usuario del navegador para ayudar a la detecci\u00f3n de spam [&hellip;]<\/p>\n","protected":false},"author":1,"featured_media":0,"parent":0,"menu_order":12,"comment_status":"closed","ping_status":"closed","template":"","meta":{"footnotes":""},"class_list":["post-422","page","type-page","status-publish","hentry"],"yoast_head":"<!-- This site is optimized with the Yoast SEO plugin v24.4 - https:\/\/yoast.com\/wordpress\/plugins\/seo\/ -->\n<title>Pol\u00edtica de Privacidad - Bar But<\/title>\n<meta name=\"robots\" content=\"index, follow, max-snippet:-1, max-image-preview:large, max-video-preview:-1\" \/>\n<link rel=\"canonical\" href=\"https:\/\/barbut.es\/es\/politica-de-privacidad\/\" \/>\n<meta property=\"og:locale\" content=\"es_ES\" \/>\n<meta property=\"og:type\" content=\"article\" \/>\n<meta property=\"og:title\" content=\"Pol\u00edtica de Privacidad - Bar But\" \/>\n<meta property=\"og:description\" content=\"Privacidad Qui\u00e9nes somos Texto sugerido: Nuestra direcci\u00f3n web es: https:\/\/barbut.es . Comentarios Texto sugerido: Cuando los visitantes dejan comentarios en el sitio web, recogemos los datos mostrados en el formulario de comentarios, as\u00ed como la direcci\u00f3n IP del visitante y la cadena del agente de usuario del navegador para ayudar a la detecci\u00f3n de spam [&hellip;]\" \/>\n<meta property=\"og:url\" content=\"https:\/\/barbut.es\/es\/politica-de-privacidad\/\" \/>\n<meta property=\"og:site_name\" content=\"Bar But\" \/>\n<meta property=\"article:modified_time\" content=\"2025-02-05T13:03:00+00:00\" \/>\n<meta name=\"twitter:card\" content=\"summary_large_image\" \/>\n<meta name=\"twitter:label1\" content=\"Tiempo de lectura\" \/>\n\t<meta name=\"twitter:data1\" content=\"3 minutos\" \/>\n<script type=\"application\/ld+json\" class=\"yoast-schema-graph\">{\"@context\":\"https:\/\/schema.org\",\"@graph\":[{\"@type\":\"WebPage\",\"@id\":\"https:\/\/barbut.es\/es\/politica-de-privacidad\/\",\"url\":\"https:\/\/barbut.es\/es\/politica-de-privacidad\/\",\"name\":\"Pol\u00edtica de Privacidad - Bar But\",\"isPartOf\":{\"@id\":\"https:\/\/barbut.es\/#website\"},\"datePublished\":\"2025-01-30T21:34:52+00:00\",\"dateModified\":\"2025-02-05T13:03:00+00:00\",\"breadcrumb\":{\"@id\":\"https:\/\/barbut.es\/es\/politica-de-privacidad\/#breadcrumb\"},\"inLanguage\":\"es\",\"potentialAction\":[{\"@type\":\"ReadAction\",\"target\":[\"https:\/\/barbut.es\/es\/politica-de-privacidad\/\"]}]},{\"@type\":\"BreadcrumbList\",\"@id\":\"https:\/\/barbut.es\/es\/politica-de-privacidad\/#breadcrumb\",\"itemListElement\":[{\"@type\":\"ListItem\",\"position\":1,\"name\":\"Portada\",\"item\":\"https:\/\/barbut.es\/es\/\"},{\"@type\":\"ListItem\",\"position\":2,\"name\":\"Pol\u00edtica de Privacidad\"}]},{\"@type\":\"WebSite\",\"@id\":\"https:\/\/barbut.es\/#website\",\"url\":\"https:\/\/barbut.es\/\",\"name\":\"Bar But\",\"description\":\"\",\"publisher\":{\"@id\":\"https:\/\/barbut.es\/#organization\"},\"potentialAction\":[{\"@type\":\"SearchAction\",\"target\":{\"@type\":\"EntryPoint\",\"urlTemplate\":\"https:\/\/barbut.es\/?s={search_term_string}\"},\"query-input\":{\"@type\":\"PropertyValueSpecification\",\"valueRequired\":true,\"valueName\":\"search_term_string\"}}],\"inLanguage\":\"es\"},{\"@type\":\"Organization\",\"@id\":\"https:\/\/barbut.es\/#organization\",\"name\":\"Bar But\",\"url\":\"https:\/\/barbut.es\/\",\"logo\":{\"@type\":\"ImageObject\",\"inLanguage\":\"es\",\"@id\":\"https:\/\/barbut.es\/#\/schema\/logo\/image\/\",\"url\":\"https:\/\/barbut.es\/wp-content\/uploads\/2025\/01\/cropped-LOGO-8cm-vectoritzat.png\",\"contentUrl\":\"https:\/\/barbut.es\/wp-content\/uploads\/2025\/01\/cropped-LOGO-8cm-vectoritzat.png\",\"width\":1705,\"height\":636,\"caption\":\"Bar But\"},\"image\":{\"@id\":\"https:\/\/barbut.es\/#\/schema\/logo\/image\/\"}}]}<\/script>\n<!-- \/ Yoast SEO plugin. -->","yoast_head_json":{"title":"Pol\u00edtica de Privacidad - Bar But","robots":{"index":"index","follow":"follow","max-snippet":"max-snippet:-1","max-image-preview":"max-image-preview:large","max-video-preview":"max-video-preview:-1"},"canonical":"https:\/\/barbut.es\/es\/politica-de-privacidad\/","og_locale":"es_ES","og_type":"article","og_title":"Pol\u00edtica de Privacidad - Bar But","og_description":"Privacidad Qui\u00e9nes somos Texto sugerido: Nuestra direcci\u00f3n web es: https:\/\/barbut.es . Comentarios Texto sugerido: Cuando los visitantes dejan comentarios en el sitio web, recogemos los datos mostrados en el formulario de comentarios, as\u00ed como la direcci\u00f3n IP del visitante y la cadena del agente de usuario del navegador para ayudar a la detecci\u00f3n de spam [&hellip;]","og_url":"https:\/\/barbut.es\/es\/politica-de-privacidad\/","og_site_name":"Bar But","article_modified_time":"2025-02-05T13:03:00+00:00","twitter_card":"summary_large_image","twitter_misc":{"Tiempo de lectura":"3 minutos"},"schema":{"@context":"https:\/\/schema.org","@graph":[{"@type":"WebPage","@id":"https:\/\/barbut.es\/es\/politica-de-privacidad\/","url":"https:\/\/barbut.es\/es\/politica-de-privacidad\/","name":"Pol\u00edtica de Privacidad - Bar But","isPartOf":{"@id":"https:\/\/barbut.es\/#website"},"datePublished":"2025-01-30T21:34:52+00:00","dateModified":"2025-02-05T13:03:00+00:00","breadcrumb":{"@id":"https:\/\/barbut.es\/es\/politica-de-privacidad\/#breadcrumb"},"inLanguage":"es","potentialAction":[{"@type":"ReadAction","target":["https:\/\/barbut.es\/es\/politica-de-privacidad\/"]}]},{"@type":"BreadcrumbList","@id":"https:\/\/barbut.es\/es\/politica-de-privacidad\/#breadcrumb","itemListElement":[{"@type":"ListItem","position":1,"name":"Portada","item":"https:\/\/barbut.es\/es\/"},{"@type":"ListItem","position":2,"name":"Pol\u00edtica de Privacidad"}]},{"@type":"WebSite","@id":"https:\/\/barbut.es\/#website","url":"https:\/\/barbut.es\/","name":"Bar But","description":"","publisher":{"@id":"https:\/\/barbut.es\/#organization"},"potentialAction":[{"@type":"SearchAction","target":{"@type":"EntryPoint","urlTemplate":"https:\/\/barbut.es\/?s={search_term_string}"},"query-input":{"@type":"PropertyValueSpecification","valueRequired":true,"valueName":"search_term_string"}}],"inLanguage":"es"},{"@type":"Organization","@id":"https:\/\/barbut.es\/#organization","name":"Bar But","url":"https:\/\/barbut.es\/","logo":{"@type":"ImageObject","inLanguage":"es","@id":"https:\/\/barbut.es\/#\/schema\/logo\/image\/","url":"https:\/\/barbut.es\/wp-content\/uploads\/2025\/01\/cropped-LOGO-8cm-vectoritzat.png","contentUrl":"https:\/\/barbut.es\/wp-content\/uploads\/2025\/01\/cropped-LOGO-8cm-vectoritzat.png","width":1705,"height":636,"caption":"Bar But"},"image":{"@id":"https:\/\/barbut.es\/#\/schema\/logo\/image\/"}}]}},"_links":{"self":[{"href":"https:\/\/barbut.es\/es\/wp-json\/wp\/v2\/pages\/422","targetHints":{"allow":["GET"]}}],"collection":[{"href":"https:\/\/barbut.es\/es\/wp-json\/wp\/v2\/pages"}],"about":[{"href":"https:\/\/barbut.es\/es\/wp-json\/wp\/v2\/types\/page"}],"author":[{"embeddable":true,"href":"https:\/\/barbut.es\/es\/wp-json\/wp\/v2\/users\/1"}],"replies":[{"embeddable":true,"href":"https:\/\/barbut.es\/es\/wp-json\/wp\/v2\/comments?post=422"}],"version-history":[{"count":1,"href":"https:\/\/barbut.es\/es\/wp-json\/wp\/v2\/pages\/422\/revisions"}],"predecessor-version":[{"id":423,"href":"https:\/\/barbut.es\/es\/wp-json\/wp\/v2\/pages\/422\/revisions\/423"}],"wp:attachment":[{"href":"https:\/\/barbut.es\/es\/wp-json\/wp\/v2\/media?parent=422"}],"curies":[{"name":"wp","href":"https:\/\/api.w.org\/{rel}","templated":true}]}}